{"id":103,"date":"2020-07-10T18:59:55","date_gmt":"2020-07-10T16:59:55","guid":{"rendered":"https:\/\/www.adfgavarres.cat\/?page_id=103"},"modified":"2020-10-27T19:34:52","modified_gmt":"2020-10-27T17:34:52","slug":"convenis-ajuts-i-subvencions","status":"publish","type":"page","link":"https:\/\/www.adfgavarres.cat\/?page_id=103","title":{"rendered":"Convenis"},"content":{"rendered":"\n<h2 class=\"wp-block-heading\">Any 2020<\/h2>\n\n\n\n<div class=\"wp-block-file\"><a href=\"https:\/\/www.adfgavarres.cat\/wp-content\/uploads\/2020\/10\/20200611-conveni-signat-del-servei-prevencio-incendis-forestals-Ardenya-Gavarres-Montgri.pdf\">CONVENI DE COL\u00b7LABORACI\u00d3 ENTRE LA DIPUTACI\u00d3 DE GIRONA I LA FEDERACI\u00d3 D&#8217;ADF DE LES GAVARRES PER AL SERVEI DE PREVENCI\u00d3 D\u2019INCENDIS FORESTALS ALS MASSISSOS DE L&#8217;ARDENYA-CADIRETES, LES GAVARRES I EL MONTGR\u00cd DURANT LA CAMPANYA 2020.<\/a><a href=\"https:\/\/www.adfgavarres.cat\/wp-content\/uploads\/2020\/10\/20200611-conveni-signat-del-servei-prevencio-incendis-forestals-Ardenya-Gavarres-Montgri.pdf\" class=\"wp-block-file__button\" download>Baixa<\/a><\/div>\n\n\n\n<h2 class=\"wp-block-heading\">Any 2019<\/h2>\n\n\n\n<div class=\"wp-block-file\"><a href=\"https:\/\/www.adfgavarres.cat\/wp-content\/uploads\/2020\/10\/Conveni-FADF-Gavarres-2019-signat-ADF.pdf\">CONVENI DE COL\u00b7LABORACI\u00d3 ENTRE LA DIPUTACI\u00d3 DE GIRONA I LA FEDERACI\u00d3 ADF DE LES GAVARRES PER AL SERVEI DE PREVENCI\u00d3 D\u2019INCENDIS FORESTALS ALS MASSISSOS DE L&#8217;ARDENYA-CADIRETES, LES GAVARRES I EL MONTGR\u00cd DURANT LA CAMPANYA 2019.<\/a><a href=\"https:\/\/www.adfgavarres.cat\/wp-content\/uploads\/2020\/10\/Conveni-FADF-Gavarres-2019-signat-ADF.pdf\" class=\"wp-block-file__button\" download>Baixa<\/a><\/div>\n\n\n\n<p><\/p>\n","protected":false},"excerpt":{"rendered":"<p>Any 2020 Any 2019<\/p>\n","protected":false},"author":1,"featured_media":0,"parent":0,"menu_order":0,"comment_status":"closed","ping_status":"closed","template":"","meta":{"footnotes":""},"class_list":["post-103","page","type-page","status-publish"],"jetpack_sharing_enabled":true,"publishpress_future_action":{"enabled":false,"date":"2026-04-26 10:59:19","action":"change-status","newStatus":"draft","terms":[],"taxonomy":"","extraData":[]},"publishpress_future_workflow_manual_trigger":{"enabledWorkflows":[]},"_links":{"self":[{"href":"https:\/\/www.adfgavarres.cat\/index.php?rest_route=\/wp\/v2\/pages\/103","targetHints":{"allow":["GET"]}}],"collection":[{"href":"https:\/\/www.adfgavarres.cat\/index.php?rest_route=\/wp\/v2\/pages"}],"about":[{"href":"https:\/\/www.adfgavarres.cat\/index.php?rest_route=\/wp\/v2\/types\/page"}],"author":[{"embeddable":true,"href":"https:\/\/www.adfgavarres.cat\/index.php?rest_route=\/wp\/v2\/users\/1"}],"replies":[{"embeddable":true,"href":"https:\/\/www.adfgavarres.cat\/index.php?rest_route=%2Fwp%2Fv2%2Fcomments&post=103"}],"version-history":[{"count":5,"href":"https:\/\/www.adfgavarres.cat\/index.php?rest_route=\/wp\/v2\/pages\/103\/revisions"}],"predecessor-version":[{"id":112,"href":"https:\/\/www.adfgavarres.cat\/index.php?rest_route=\/wp\/v2\/pages\/103\/revisions\/112"}],"wp:attachment":[{"href":"https:\/\/www.adfgavarres.cat\/index.php?rest_route=%2Fwp%2Fv2%2Fmedia&parent=103"}],"curies":[{"name":"wp","href":"https:\/\/api.w.org\/{rel}","templated":true}]}}